{"id":1237,"date":"2023-09-05T09:19:04","date_gmt":"2023-09-05T09:19:04","guid":{"rendered":"https:\/\/lauranelegoff.com\/?page_id=1237"},"modified":"2024-01-31T11:28:07","modified_gmt":"2024-01-31T11:28:07","slug":"dessin","status":"publish","type":"page","link":"https:\/\/lauranelegoff.com\/index.php\/fr\/page-daccueil-avec-tout\/dessin\/","title":{"rendered":"Dessin"},"content":{"rendered":"\n<h1 class=\"wp-block-heading alignfull has-text-align-center\"><strong>Dessin<\/strong><\/h1>\n\n\n\n<p><\/p>\n\n\n\n<p class=\"has-text-align-center has-text-color has-link-color wp-elements-7ec687c89c0d94ee59e69c1e2a3e129b\" style=\"color:#300418\">dessin a partir de photo <\/p>\n\n\n\n<p class=\"has-text-align-center\">Je vous propose de transformer vos photographies les plus ch\u00e8res en dessins uniques. En tant qu&rsquo;artiste, il me tient \u00e0 c\u0153ur de savoir capturer l&rsquo;essence et la beaut\u00e9 de vos images, en leur faisant prendre vie \u00e0 chaque coup de crayon. Que ce soit un souvenir pr\u00e9cieux, un animal bien aim\u00e9, ou un paysage a couper le souffle, avec ma passion pour l&rsquo;art, je me d\u00e9die \u00e0 r\u00e9pondre \u00e0 vos attentes, je ferai de mon mieux pour vous offrir le plus beau des dessins. Regardez ma galerie et <a href=\"https:\/\/lauranelegoff.com\/index.php\/fr\/a-propos\/\">contactez-moi<\/a> pour un devis gratuit !<\/p>\n\n\n\n<p class=\"has-text-align-center\">Le prix d\u00e9pendra du format et de la technique demand\u00e9e, alors n&rsquo;h\u00e9sitez pas \u00e0 me demander plusieurs options! <\/p>\n\n\n\n<div style=\"height:21px\" aria-hidden=\"true\" class=\"wp-block-spacer\"><\/div>\n\n\n\n<figure class=\"wp-block-gallery has-nested-images columns-default is-cropped wp-block-gallery-1 is-layout-flex wp-block-gallery-is-layout-flex\">\n<figure class=\"wp-block-image size-large\"><img decoding=\"async\" data-id=\"712\" src=\"http:\/\/lauranelegoff.com\/wp-content\/uploads\/2022\/09\/Fini-2-scaled.jpg\" alt=\"Dessin a partir de photo pour particulier\" class=\"wp-image-712\"\/><figcaption class=\"wp-element-caption\">All rights reserved \u00a9Laurane Le Goff 2021<\/figcaption><\/figure>\n\n\n\n<figure class=\"wp-block-image size-large\"><img loading=\"lazy\" decoding=\"async\" width=\"1912\" height=\"2560\" data-id=\"542\" src=\"http:\/\/lauranelegoff.com\/wp-content\/uploads\/2022\/09\/image1-1-scaled.jpeg\" alt=\"Photo de r\u00e9f\u00e9rence\" class=\"wp-image-542\" srcset=\"https:\/\/lauranelegoff.com\/wp-content\/uploads\/2022\/09\/image1-1-scaled.jpeg 1912w, https:\/\/lauranelegoff.com\/wp-content\/uploads\/2022\/09\/image1-1-224x300.jpeg 224w, https:\/\/lauranelegoff.com\/wp-content\/uploads\/2022\/09\/image1-1-765x1024.jpeg 765w, https:\/\/lauranelegoff.com\/wp-content\/uploads\/2022\/09\/image1-1-768x1028.jpeg 768w, https:\/\/lauranelegoff.com\/wp-content\/uploads\/2022\/09\/image1-1-1147x1536.jpeg 1147w, https:\/\/lauranelegoff.com\/wp-content\/uploads\/2022\/09\/image1-1-1530x2048.jpeg 1530w, https:\/\/lauranelegoff.com\/wp-content\/uploads\/2022\/09\/image1-1-500x669.jpeg 500w, https:\/\/lauranelegoff.com\/wp-content\/uploads\/2022\/09\/image1-1-800x1071.jpeg 800w, https:\/\/lauranelegoff.com\/wp-content\/uploads\/2022\/09\/image1-1-1280x1714.jpeg 1280w, https:\/\/lauranelegoff.com\/wp-content\/uploads\/2022\/09\/image1-1-1920x2571.jpeg 1920w, https:\/\/lauranelegoff.com\/wp-content\/uploads\/2022\/09\/image1-1-1568x2099.jpeg 1568w\" sizes=\"auto, (max-width: 1912px) 100vw, 1912px\" \/><figcaption class=\"wp-element-caption\">All rights reserved, picture given by the customer<\/figcaption><\/figure>\n\n\n\n<figure class=\"wp-block-image size-large\"><img decoding=\"async\" data-id=\"708\" src=\"http:\/\/lauranelegoff.com\/wp-content\/uploads\/2022\/09\/WhatsApp-Image-2021-11-15-at-21.12.28-1-scaled.jpeg\" alt=\"Dessin a partir de photo pour particulier\" class=\"wp-image-708\"\/><figcaption class=\"wp-element-caption\">All rights reserved \u00a9Laurane Le Goff 2021<\/figcaption><\/figure>\n\n\n\n<figure class=\"wp-block-image size-large\"><img loading=\"lazy\" decoding=\"async\" width=\"1080\" height=\"1080\" data-id=\"537\" src=\"http:\/\/lauranelegoff.com\/wp-content\/uploads\/2022\/09\/252375270_581131739817960_7842335952808010705_n-1.jpg\" alt=\"Photo de r\u00e9f\u00e9rence\" class=\"wp-image-537\" srcset=\"https:\/\/lauranelegoff.com\/wp-content\/uploads\/2022\/09\/252375270_581131739817960_7842335952808010705_n-1.jpg 1080w, https:\/\/lauranelegoff.com\/wp-content\/uploads\/2022\/09\/252375270_581131739817960_7842335952808010705_n-1-300x300.jpg 300w, https:\/\/lauranelegoff.com\/wp-content\/uploads\/2022\/09\/252375270_581131739817960_7842335952808010705_n-1-1024x1024.jpg 1024w, https:\/\/lauranelegoff.com\/wp-content\/uploads\/2022\/09\/252375270_581131739817960_7842335952808010705_n-1-150x150.jpg 150w, https:\/\/lauranelegoff.com\/wp-content\/uploads\/2022\/09\/252375270_581131739817960_7842335952808010705_n-1-768x768.jpg 768w, https:\/\/lauranelegoff.com\/wp-content\/uploads\/2022\/09\/252375270_581131739817960_7842335952808010705_n-1-640x640.jpg 640w, https:\/\/lauranelegoff.com\/wp-content\/uploads\/2022\/09\/252375270_581131739817960_7842335952808010705_n-1-500x500.jpg 500w, https:\/\/lauranelegoff.com\/wp-content\/uploads\/2022\/09\/252375270_581131739817960_7842335952808010705_n-1-800x800.jpg 800w, https:\/\/lauranelegoff.com\/wp-content\/uploads\/2022\/09\/252375270_581131739817960_7842335952808010705_n-1-50x50.jpg 50w\" sizes=\"auto, (max-width: 1080px) 100vw, 1080px\" \/><figcaption class=\"wp-element-caption\">All rights reserved, picture given by the customer<\/figcaption><\/figure>\n\n\n\n<figure class=\"wp-block-image size-large\"><img loading=\"lazy\" decoding=\"async\" width=\"1846\" height=\"2560\" data-id=\"700\" src=\"http:\/\/lauranelegoff.com\/wp-content\/uploads\/2022\/09\/2021-12-Grougrou-1-scaled.jpg\" alt=\"Dessin a partir de photo pour particulier\" class=\"wp-image-700\" srcset=\"https:\/\/lauranelegoff.com\/wp-content\/uploads\/2022\/09\/2021-12-Grougrou-1-scaled.jpg 1846w, https:\/\/lauranelegoff.com\/wp-content\/uploads\/2022\/09\/2021-12-Grougrou-1-216x300.jpg 216w, https:\/\/lauranelegoff.com\/wp-content\/uploads\/2022\/09\/2021-12-Grougrou-1-738x1024.jpg 738w, https:\/\/lauranelegoff.com\/wp-content\/uploads\/2022\/09\/2021-12-Grougrou-1-768x1065.jpg 768w, https:\/\/lauranelegoff.com\/wp-content\/uploads\/2022\/09\/2021-12-Grougrou-1-1107x1536.jpg 1107w, https:\/\/lauranelegoff.com\/wp-content\/uploads\/2022\/09\/2021-12-Grougrou-1-1476x2048.jpg 1476w, https:\/\/lauranelegoff.com\/wp-content\/uploads\/2022\/09\/2021-12-Grougrou-1-500x694.jpg 500w, https:\/\/lauranelegoff.com\/wp-content\/uploads\/2022\/09\/2021-12-Grougrou-1-800x1110.jpg 800w, https:\/\/lauranelegoff.com\/wp-content\/uploads\/2022\/09\/2021-12-Grougrou-1-1280x1775.jpg 1280w, https:\/\/lauranelegoff.com\/wp-content\/uploads\/2022\/09\/2021-12-Grougrou-1-1920x2663.jpg 1920w, https:\/\/lauranelegoff.com\/wp-content\/uploads\/2022\/09\/2021-12-Grougrou-1-1568x2175.jpg 1568w\" sizes=\"auto, (max-width: 1846px) 100vw, 1846px\" \/><figcaption class=\"wp-element-caption\">All rights reserved \u00a9Laurane Le Goff 2022<\/figcaption><\/figure>\n\n\n\n<figure class=\"wp-block-image size-large\"><img loading=\"lazy\" decoding=\"async\" width=\"2560\" height=\"1886\" data-id=\"709\" src=\"http:\/\/lauranelegoff.com\/wp-content\/uploads\/2022\/09\/131932537_391166298778741_6518745220388047492_n-scaled.jpg\" alt=\"Dessin a partir de photo pour particulier\" class=\"wp-image-709\" srcset=\"https:\/\/lauranelegoff.com\/wp-content\/uploads\/2022\/09\/131932537_391166298778741_6518745220388047492_n-scaled.jpg 2560w, https:\/\/lauranelegoff.com\/wp-content\/uploads\/2022\/09\/131932537_391166298778741_6518745220388047492_n-300x221.jpg 300w, https:\/\/lauranelegoff.com\/wp-content\/uploads\/2022\/09\/131932537_391166298778741_6518745220388047492_n-1024x754.jpg 1024w, https:\/\/lauranelegoff.com\/wp-content\/uploads\/2022\/09\/131932537_391166298778741_6518745220388047492_n-768x566.jpg 768w, https:\/\/lauranelegoff.com\/wp-content\/uploads\/2022\/09\/131932537_391166298778741_6518745220388047492_n-1536x1131.jpg 1536w, https:\/\/lauranelegoff.com\/wp-content\/uploads\/2022\/09\/131932537_391166298778741_6518745220388047492_n-2048x1509.jpg 2048w, https:\/\/lauranelegoff.com\/wp-content\/uploads\/2022\/09\/131932537_391166298778741_6518745220388047492_n-500x368.jpg 500w, https:\/\/lauranelegoff.com\/wp-content\/uploads\/2022\/09\/131932537_391166298778741_6518745220388047492_n-800x589.jpg 800w, https:\/\/lauranelegoff.com\/wp-content\/uploads\/2022\/09\/131932537_391166298778741_6518745220388047492_n-1280x943.jpg 1280w, https:\/\/lauranelegoff.com\/wp-content\/uploads\/2022\/09\/131932537_391166298778741_6518745220388047492_n-1920x1414.jpg 1920w, https:\/\/lauranelegoff.com\/wp-content\/uploads\/2022\/09\/131932537_391166298778741_6518745220388047492_n-1568x1155.jpg 1568w\" sizes=\"auto, (max-width: 2560px) 100vw, 2560px\" \/><figcaption class=\"wp-element-caption\">All rights reserved \u00a9Laurane Le Goff 2020<\/figcaption><\/figure>\n<\/figure>\n\n\n\n<hr class=\"wp-block-separator has-alpha-channel-opacity\"\/>\n\n\n\n<div class=\"wp-block-columns alignwide is-layout-flex wp-container-core-columns-is-layout-1 wp-block-columns-is-layout-flex\">\n<div class=\"wp-block-column has-background has-link-color wp-elements-16d2ae851c6a0a862a2eff4c0eca0327 is-layout-flow wp-block-column-is-layout-flow\" style=\"background-color:#002c0d;padding-top:2em;padding-right:2em;padding-bottom:2em;padding-left:2em\">\n<h2 class=\"wp-block-heading has-text-align-center\" id=\"single\" style=\"font-size:40px\"><strong>Choisissez une technique de dessin<\/strong><\/h2>\n\n\n\n<p class=\"has-normal-font-size\" style=\"line-height:1.5\"><strong>Quelle est votre technique favorite?<\/strong><\/p>\n\n\n\n<hr class=\"wp-block-separator has-alpha-channel-opacity\"\/>\n\n\n\n<ul class=\"has-normal-font-size wp-block-list\">\n<li>Crayons de papier<\/li>\n\n\n\n<li>Crayons de couleurs<\/li>\n\n\n\n<li>Stylos BIC<\/li>\n\n\n\n<li>Acrylique<\/li>\n<\/ul>\n<\/div>\n\n\n\n<div class=\"wp-block-column has-background has-link-color wp-elements-ecdfda010be4618ea2530e8457daa727 is-layout-flow wp-block-column-is-layout-flow\" style=\"background-color:#203700;padding-top:2em;padding-right:2em;padding-bottom:2em;padding-left:2em\">\n<h2 class=\"has-text-align-center wp-block-heading\" id=\"family\" style=\"font-size:40px\"><strong>Choisissez une taille<\/strong><\/h2>\n\n\n\n<p class=\"has-normal-font-size\" style=\"line-height:1.5\"><strong><a href=\"https:\/\/www.format-papier.fr\/\">S\u00e9lectionnez la taille souhait\u00e9e<\/a> <\/strong><\/p>\n\n\n\n<hr class=\"wp-block-separator has-css-opacity is-style-wide\"\/>\n\n\n\n<ul class=\"has-normal-font-size wp-block-list\">\n<li>A6<\/li>\n\n\n\n<li>A5<\/li>\n\n\n\n<li>A4<\/li>\n\n\n\n<li>Carte (A4 pli\u00e9 =&gt; A5) <\/li>\n\n\n\n<li>Carte (A5 pli\u00e9 =&gt; A6)<\/li>\n\n\n\n<li>Format sp\u00e9cifique (carr\u00e9, rond, ovale)<\/li>\n<\/ul>\n<\/div>\n\n\n\n<div class=\"wp-block-column has-background has-link-color wp-elements-3a89244d54246addaf54ca01caeb4639 is-layout-flow wp-block-column-is-layout-flow\" style=\"background-color:#3b0800;padding-top:2em;padding-right:2em;padding-bottom:2em;padding-left:2em\">\n<h2 class=\"wp-block-heading has-text-align-center\" id=\"patron\" style=\"font-size:40px\"><strong>Envoyez-moi la photo<\/strong><\/h2>\n\n\n\n<p class=\"has-normal-font-size\"><strong>Envoyez-moi un mail avec vos choix et votre s\u00e9lection d&rsquo;images! <\/strong><\/p>\n\n\n\n<hr class=\"wp-block-separator has-css-opacity is-style-wide\"\/>\n\n\n\n<ul class=\"has-normal-font-size wp-block-list\">\n<li>Animaux<\/li>\n\n\n\n<li>Portraits<\/li>\n\n\n\n<li>Possibilit\u00e9 d&rsquo;ajouter un mot\/nom<\/li>\n<\/ul>\n<\/div>\n<\/div>\n","protected":false},"excerpt":{"rendered":"<p>Dessin dessin a partir de photo Je vous propose de transformer vos photographies les plus ch\u00e8res en dessins uniques. En tant qu&rsquo;artiste, il me tient \u00e0 c\u0153ur de savoir capturer l&rsquo;essence et la beaut\u00e9 de vos images, en leur faisant prendre vie \u00e0 chaque coup de crayon. Que ce soit un souvenir pr\u00e9cieux, un animal&hellip; <a class=\"more-link\" href=\"https:\/\/lauranelegoff.com\/index.php\/fr\/page-daccueil-avec-tout\/dessin\/\">Poursuivre la lecture <span class=\"screen-reader-text\">Dessin<\/span><\/a><\/p>\n","protected":false},"author":1,"featured_media":0,"parent":1252,"menu_order":0,"comment_status":"closed","ping_status":"closed","template":"","meta":{"_monsterinsights_skip_tracking":false,"_monsterinsights_sitenote_active":false,"_monsterinsights_sitenote_note":"","_monsterinsights_sitenote_category":0,"_vp_format_video_url":"","_vp_image_focal_point":[],"footnotes":""},"class_list":["post-1237","page","type-page","status-publish","hentry","entry"],"yoast_head":"<!-- This site is optimized with the Yoast SEO plugin v21.9.1 - https:\/\/yoast.com\/wordpress\/plugins\/seo\/ -->\n<title>Dessin a partir de photo - Laurane Le Goff<\/title>\n<meta name=\"description\" content=\"Dessin a partir de photo. Je vous propose de transformer vos photographies les plus ch\u00e8res en dessins uniques. Technique et format au choix.\" \/>\n<meta name=\"robots\" content=\"index, follow, max-snippet:-1, max-image-preview:large, max-video-preview:-1\" \/>\n<link rel=\"canonical\" href=\"https:\/\/lauranelegoff.com\/index.php\/fr\/page-daccueil-avec-tout\/dessin\/\" \/>\n<meta property=\"og:locale\" content=\"fr_FR\" \/>\n<meta property=\"og:type\" content=\"article\" \/>\n<meta property=\"og:title\" content=\"Dessin a partir de photo - Laurane Le Goff\" \/>\n<meta property=\"og:description\" content=\"Dessin a partir de photo. Je vous propose de transformer vos photographies les plus ch\u00e8res en dessins uniques. Technique et format au choix.\" \/>\n<meta property=\"og:url\" content=\"https:\/\/lauranelegoff.com\/index.php\/fr\/page-daccueil-avec-tout\/dessin\/\" \/>\n<meta property=\"og:site_name\" content=\"Laurane Le Goff\" \/>\n<meta property=\"article:modified_time\" content=\"2024-01-31T11:28:07+00:00\" \/>\n<meta property=\"og:image\" content=\"http:\/\/lauranelegoff.com\/wp-content\/uploads\/2022\/09\/Fini-2-scaled.jpg\" \/>\n<meta name=\"twitter:card\" content=\"summary_large_image\" \/>\n<meta name=\"twitter:label1\" content=\"Dur\u00e9e de lecture estim\u00e9e\" \/>\n\t<meta name=\"twitter:data1\" content=\"7 minutes\" \/>\n<script type=\"application\/ld+json\" class=\"yoast-schema-graph\">{\"@context\":\"https:\/\/schema.org\",\"@graph\":[{\"@type\":\"WebPage\",\"@id\":\"https:\/\/lauranelegoff.com\/index.php\/fr\/page-daccueil-avec-tout\/dessin\/\",\"url\":\"https:\/\/lauranelegoff.com\/index.php\/fr\/page-daccueil-avec-tout\/dessin\/\",\"name\":\"Dessin a partir de photo - Laurane Le Goff\",\"isPartOf\":{\"@id\":\"https:\/\/lauranelegoff.com\/#website\"},\"datePublished\":\"2023-09-05T09:19:04+00:00\",\"dateModified\":\"2024-01-31T11:28:07+00:00\",\"description\":\"Dessin a partir de photo. Je vous propose de transformer vos photographies les plus ch\u00e8res en dessins uniques. Technique et format au choix.\",\"breadcrumb\":{\"@id\":\"https:\/\/lauranelegoff.com\/index.php\/fr\/page-daccueil-avec-tout\/dessin\/#breadcrumb\"},\"inLanguage\":\"fr-FR\",\"potentialAction\":[{\"@type\":\"ReadAction\",\"target\":[\"https:\/\/lauranelegoff.com\/index.php\/fr\/page-daccueil-avec-tout\/dessin\/\"]}]},{\"@type\":\"BreadcrumbList\",\"@id\":\"https:\/\/lauranelegoff.com\/index.php\/fr\/page-daccueil-avec-tout\/dessin\/#breadcrumb\",\"itemListElement\":[{\"@type\":\"ListItem\",\"position\":1,\"name\":\"Accueil\",\"item\":\"https:\/\/lauranelegoff.com\/index.php\/fr\/page-daccueil-avec-tout\/\"},{\"@type\":\"ListItem\",\"position\":2,\"name\":\"Accueil\",\"item\":\"https:\/\/lauranelegoff.com\/index.php\/fr\/page-daccueil-avec-tout\/\"},{\"@type\":\"ListItem\",\"position\":3,\"name\":\"Dessin\"}]},{\"@type\":\"WebSite\",\"@id\":\"https:\/\/lauranelegoff.com\/#website\",\"url\":\"https:\/\/lauranelegoff.com\/\",\"name\":\"Laurane Le Goff\",\"description\":\"Textile Artist \u2022 Costume Maker \u2022 Ecological activist\",\"publisher\":{\"@id\":\"https:\/\/lauranelegoff.com\/#organization\"},\"potentialAction\":[{\"@type\":\"SearchAction\",\"target\":{\"@type\":\"EntryPoint\",\"urlTemplate\":\"https:\/\/lauranelegoff.com\/?s={search_term_string}\"},\"query-input\":\"required name=search_term_string\"}],\"inLanguage\":\"fr-FR\"},{\"@type\":\"Organization\",\"@id\":\"https:\/\/lauranelegoff.com\/#organization\",\"name\":\"Laurane Le Goff\",\"url\":\"https:\/\/lauranelegoff.com\/\",\"logo\":{\"@type\":\"ImageObject\",\"inLanguage\":\"fr-FR\",\"@id\":\"https:\/\/lauranelegoff.com\/#\/schema\/logo\/image\/\",\"url\":\"https:\/\/lauranelegoff.com\/wp-content\/uploads\/2022\/09\/cropped-Logo-LLG-02.png\",\"contentUrl\":\"https:\/\/lauranelegoff.com\/wp-content\/uploads\/2022\/09\/cropped-Logo-LLG-02.png\",\"width\":512,\"height\":512,\"caption\":\"Laurane Le Goff\"},\"image\":{\"@id\":\"https:\/\/lauranelegoff.com\/#\/schema\/logo\/image\/\"},\"sameAs\":[\"https:\/\/www.instagram.com\/l.lg_\"]}]}<\/script>\n<!-- \/ Yoast SEO plugin. -->","yoast_head_json":{"title":"Dessin a partir de photo - Laurane Le Goff","description":"Dessin a partir de photo. Je vous propose de transformer vos photographies les plus ch\u00e8res en dessins uniques. Technique et format au choix.","robots":{"index":"index","follow":"follow","max-snippet":"max-snippet:-1","max-image-preview":"max-image-preview:large","max-video-preview":"max-video-preview:-1"},"canonical":"https:\/\/lauranelegoff.com\/index.php\/fr\/page-daccueil-avec-tout\/dessin\/","og_locale":"fr_FR","og_type":"article","og_title":"Dessin a partir de photo - Laurane Le Goff","og_description":"Dessin a partir de photo. Je vous propose de transformer vos photographies les plus ch\u00e8res en dessins uniques. Technique et format au choix.","og_url":"https:\/\/lauranelegoff.com\/index.php\/fr\/page-daccueil-avec-tout\/dessin\/","og_site_name":"Laurane Le Goff","article_modified_time":"2024-01-31T11:28:07+00:00","og_image":[{"url":"http:\/\/lauranelegoff.com\/wp-content\/uploads\/2022\/09\/Fini-2-scaled.jpg"}],"twitter_card":"summary_large_image","twitter_misc":{"Dur\u00e9e de lecture estim\u00e9e":"7 minutes"},"schema":{"@context":"https:\/\/schema.org","@graph":[{"@type":"WebPage","@id":"https:\/\/lauranelegoff.com\/index.php\/fr\/page-daccueil-avec-tout\/dessin\/","url":"https:\/\/lauranelegoff.com\/index.php\/fr\/page-daccueil-avec-tout\/dessin\/","name":"Dessin a partir de photo - Laurane Le Goff","isPartOf":{"@id":"https:\/\/lauranelegoff.com\/#website"},"datePublished":"2023-09-05T09:19:04+00:00","dateModified":"2024-01-31T11:28:07+00:00","description":"Dessin a partir de photo. Je vous propose de transformer vos photographies les plus ch\u00e8res en dessins uniques. Technique et format au choix.","breadcrumb":{"@id":"https:\/\/lauranelegoff.com\/index.php\/fr\/page-daccueil-avec-tout\/dessin\/#breadcrumb"},"inLanguage":"fr-FR","potentialAction":[{"@type":"ReadAction","target":["https:\/\/lauranelegoff.com\/index.php\/fr\/page-daccueil-avec-tout\/dessin\/"]}]},{"@type":"BreadcrumbList","@id":"https:\/\/lauranelegoff.com\/index.php\/fr\/page-daccueil-avec-tout\/dessin\/#breadcrumb","itemListElement":[{"@type":"ListItem","position":1,"name":"Accueil","item":"https:\/\/lauranelegoff.com\/index.php\/fr\/page-daccueil-avec-tout\/"},{"@type":"ListItem","position":2,"name":"Accueil","item":"https:\/\/lauranelegoff.com\/index.php\/fr\/page-daccueil-avec-tout\/"},{"@type":"ListItem","position":3,"name":"Dessin"}]},{"@type":"WebSite","@id":"https:\/\/lauranelegoff.com\/#website","url":"https:\/\/lauranelegoff.com\/","name":"Laurane Le Goff","description":"Textile Artist \u2022 Costume Maker \u2022 Ecological activist","publisher":{"@id":"https:\/\/lauranelegoff.com\/#organization"},"potentialAction":[{"@type":"SearchAction","target":{"@type":"EntryPoint","urlTemplate":"https:\/\/lauranelegoff.com\/?s={search_term_string}"},"query-input":"required name=search_term_string"}],"inLanguage":"fr-FR"},{"@type":"Organization","@id":"https:\/\/lauranelegoff.com\/#organization","name":"Laurane Le Goff","url":"https:\/\/lauranelegoff.com\/","logo":{"@type":"ImageObject","inLanguage":"fr-FR","@id":"https:\/\/lauranelegoff.com\/#\/schema\/logo\/image\/","url":"https:\/\/lauranelegoff.com\/wp-content\/uploads\/2022\/09\/cropped-Logo-LLG-02.png","contentUrl":"https:\/\/lauranelegoff.com\/wp-content\/uploads\/2022\/09\/cropped-Logo-LLG-02.png","width":512,"height":512,"caption":"Laurane Le Goff"},"image":{"@id":"https:\/\/lauranelegoff.com\/#\/schema\/logo\/image\/"},"sameAs":["https:\/\/www.instagram.com\/l.lg_"]}]}},"_links":{"self":[{"href":"https:\/\/lauranelegoff.com\/index.php\/wp-json\/wp\/v2\/pages\/1237","targetHints":{"allow":["GET"]}}],"collection":[{"href":"https:\/\/lauranelegoff.com\/index.php\/wp-json\/wp\/v2\/pages"}],"about":[{"href":"https:\/\/lauranelegoff.com\/index.php\/wp-json\/wp\/v2\/types\/page"}],"author":[{"embeddable":true,"href":"https:\/\/lauranelegoff.com\/index.php\/wp-json\/wp\/v2\/users\/1"}],"replies":[{"embeddable":true,"href":"https:\/\/lauranelegoff.com\/index.php\/wp-json\/wp\/v2\/comments?post=1237"}],"version-history":[{"count":5,"href":"https:\/\/lauranelegoff.com\/index.php\/wp-json\/wp\/v2\/pages\/1237\/revisions"}],"predecessor-version":[{"id":1607,"href":"https:\/\/lauranelegoff.com\/index.php\/wp-json\/wp\/v2\/pages\/1237\/revisions\/1607"}],"up":[{"embeddable":true,"href":"https:\/\/lauranelegoff.com\/index.php\/wp-json\/wp\/v2\/pages\/1252"}],"wp:attachment":[{"href":"https:\/\/lauranelegoff.com\/index.php\/wp-json\/wp\/v2\/media?parent=1237"}],"curies":[{"name":"wp","href":"https:\/\/api.w.org\/{rel}","templated":true}]}}