{"id":1201,"date":"2023-09-05T08:55:02","date_gmt":"2023-09-05T08:55:02","guid":{"rendered":"https:\/\/lauranelegoff.com\/?page_id=1201"},"modified":"2025-12-18T10:39:41","modified_gmt":"2025-12-18T10:39:41","slug":"a-propos","status":"publish","type":"page","link":"https:\/\/lauranelegoff.com\/index.php\/fr\/a-propos\/","title":{"rendered":"\u00c0 propos"},"content":{"rendered":"\n<div class=\"wp-block-columns alignwide is-layout-flex wp-container-core-columns-is-layout-1 wp-block-columns-is-layout-flex\">\n<div class=\"wp-block-column is-layout-flow wp-block-column-is-layout-flow\" style=\"flex-basis:33.33%\"><div class=\"wp-block-image is-resized is-style-rounded\">\n<figure class=\"aligncenter size-large\"><img loading=\"lazy\" decoding=\"async\" width=\"768\" height=\"1024\" src=\"https:\/\/lauranelegoff.com\/wp-content\/uploads\/2023\/03\/Laurane-Le-Goff-by-Damilola-Vaughan-768x1024.jpg\" alt=\"Portrait Laurane Le Goff\" class=\"wp-image-1021\" srcset=\"https:\/\/lauranelegoff.com\/wp-content\/uploads\/2023\/03\/Laurane-Le-Goff-by-Damilola-Vaughan-768x1024.jpg 768w, https:\/\/lauranelegoff.com\/wp-content\/uploads\/2023\/03\/Laurane-Le-Goff-by-Damilola-Vaughan-225x300.jpg 225w, https:\/\/lauranelegoff.com\/wp-content\/uploads\/2023\/03\/Laurane-Le-Goff-by-Damilola-Vaughan-1152x1536.jpg 1152w, https:\/\/lauranelegoff.com\/wp-content\/uploads\/2023\/03\/Laurane-Le-Goff-by-Damilola-Vaughan-1536x2048.jpg 1536w, https:\/\/lauranelegoff.com\/wp-content\/uploads\/2023\/03\/Laurane-Le-Goff-by-Damilola-Vaughan-500x667.jpg 500w, https:\/\/lauranelegoff.com\/wp-content\/uploads\/2023\/03\/Laurane-Le-Goff-by-Damilola-Vaughan-800x1067.jpg 800w, https:\/\/lauranelegoff.com\/wp-content\/uploads\/2023\/03\/Laurane-Le-Goff-by-Damilola-Vaughan-1280x1707.jpg 1280w, https:\/\/lauranelegoff.com\/wp-content\/uploads\/2023\/03\/Laurane-Le-Goff-by-Damilola-Vaughan-1568x2091.jpg 1568w, https:\/\/lauranelegoff.com\/wp-content\/uploads\/2023\/03\/Laurane-Le-Goff-by-Damilola-Vaughan.jpg 1701w\" sizes=\"auto, (max-width: 768px) 100vw, 768px\" \/><figcaption class=\"wp-element-caption\"><strong>Photo \u00a9Dami Vaughan, 2022<\/strong><\/figcaption><\/figure><\/div><\/div>\n\n\n\n<div class=\"wp-block-column is-layout-flow wp-block-column-is-layout-flow\" style=\"flex-basis:66.66%\">\n<div style=\"height:184px\" aria-hidden=\"true\" class=\"wp-block-spacer\"><\/div>\n\n\n\n<pre class=\"wp-block-preformatted\">Vit actuellement \u00e0 Besan\u00e7on, France\nemail: laurane.legoff@gmail.com<\/pre>\n\n\n\n<div class=\"wp-block-group alignwide is-content-justification-left is-nowrap is-layout-flex wp-container-core-group-is-layout-1 wp-block-group-is-layout-flex\">\n<ul class=\"wp-block-social-links is-layout-flex wp-block-social-links-is-layout-flex\"><li class=\"wp-social-link wp-social-link-linkedin  wp-block-social-link\"><a href=\"http:\/\/www.linkedin.com\/in\/laurane-le-goff\" class=\"wp-block-social-link-anchor\"><svg width=\"24\" height=\"24\" viewBox=\"0 0 24 24\" version=\"1.1\" xmlns=\"http:\/\/www.w3.org\/2000\/svg\" aria-hidden=\"true\" focusable=\"false\"><path d=\"M19.7,3H4.3C3.582,3,3,3.582,3,4.3v15.4C3,20.418,3.582,21,4.3,21h15.4c0.718,0,1.3-0.582,1.3-1.3V4.3 C21,3.582,20.418,3,19.7,3z M8.339,18.338H5.667v-8.59h2.672V18.338z M7.004,8.574c-0.857,0-1.549-0.694-1.549-1.548 c0-0.855,0.691-1.548,1.549-1.548c0.854,0,1.547,0.694,1.547,1.548C8.551,7.881,7.858,8.574,7.004,8.574z M18.339,18.338h-2.669 v-4.177c0-0.996-0.017-2.278-1.387-2.278c-1.389,0-1.601,1.086-1.601,2.206v4.249h-2.667v-8.59h2.559v1.174h0.037 c0.356-0.675,1.227-1.387,2.526-1.387c2.703,0,3.203,1.779,3.203,4.092V18.338z\"><\/path><\/svg><span class=\"wp-block-social-link-label screen-reader-text\">LinkedIn<\/span><\/a><\/li><\/ul>\n\n\n\n<ul class=\"wp-block-social-links is-layout-flex wp-block-social-links-is-layout-flex\"><li class=\"wp-social-link wp-social-link-instagram  wp-block-social-link\"><a href=\"http:\/\/www.instagram\/l.lg_\" class=\"wp-block-social-link-anchor\"><svg width=\"24\" height=\"24\" viewBox=\"0 0 24 24\" version=\"1.1\" xmlns=\"http:\/\/www.w3.org\/2000\/svg\" aria-hidden=\"true\" focusable=\"false\"><path d=\"M12,4.622c2.403,0,2.688,0.009,3.637,0.052c0.877,0.04,1.354,0.187,1.671,0.31c0.42,0.163,0.72,0.358,1.035,0.673 c0.315,0.315,0.51,0.615,0.673,1.035c0.123,0.317,0.27,0.794,0.31,1.671c0.043,0.949,0.052,1.234,0.052,3.637 s-0.009,2.688-0.052,3.637c-0.04,0.877-0.187,1.354-0.31,1.671c-0.163,0.42-0.358,0.72-0.673,1.035 c-0.315,0.315-0.615,0.51-1.035,0.673c-0.317,0.123-0.794,0.27-1.671,0.31c-0.949,0.043-1.233,0.052-3.637,0.052 s-2.688-0.009-3.637-0.052c-0.877-0.04-1.354-0.187-1.671-0.31c-0.42-0.163-0.72-0.358-1.035-0.673 c-0.315-0.315-0.51-0.615-0.673-1.035c-0.123-0.317-0.27-0.794-0.31-1.671C4.631,14.688,4.622,14.403,4.622,12 s0.009-2.688,0.052-3.637c0.04-0.877,0.187-1.354,0.31-1.671c0.163-0.42,0.358-0.72,0.673-1.035 c0.315-0.315,0.615-0.51,1.035-0.673c0.317-0.123,0.794-0.27,1.671-0.31C9.312,4.631,9.597,4.622,12,4.622 M12,3 C9.556,3,9.249,3.01,8.289,3.054C7.331,3.098,6.677,3.25,6.105,3.472C5.513,3.702,5.011,4.01,4.511,4.511 c-0.5,0.5-0.808,1.002-1.038,1.594C3.25,6.677,3.098,7.331,3.054,8.289C3.01,9.249,3,9.556,3,12c0,2.444,0.01,2.751,0.054,3.711 c0.044,0.958,0.196,1.612,0.418,2.185c0.23,0.592,0.538,1.094,1.038,1.594c0.5,0.5,1.002,0.808,1.594,1.038 c0.572,0.222,1.227,0.375,2.185,0.418C9.249,20.99,9.556,21,12,21s2.751-0.01,3.711-0.054c0.958-0.044,1.612-0.196,2.185-0.418 c0.592-0.23,1.094-0.538,1.594-1.038c0.5-0.5,0.808-1.002,1.038-1.594c0.222-0.572,0.375-1.227,0.418-2.185 C20.99,14.751,21,14.444,21,12s-0.01-2.751-0.054-3.711c-0.044-0.958-0.196-1.612-0.418-2.185c-0.23-0.592-0.538-1.094-1.038-1.594 c-0.5-0.5-1.002-0.808-1.594-1.038c-0.572-0.222-1.227-0.375-2.185-0.418C14.751,3.01,14.444,3,12,3L12,3z M12,7.378 c-2.552,0-4.622,2.069-4.622,4.622S9.448,16.622,12,16.622s4.622-2.069,4.622-4.622S14.552,7.378,12,7.378z M12,15 c-1.657,0-3-1.343-3-3s1.343-3,3-3s3,1.343,3,3S13.657,15,12,15z M16.804,6.116c-0.596,0-1.08,0.484-1.08,1.08 s0.484,1.08,1.08,1.08c0.596,0,1.08-0.484,1.08-1.08S17.401,6.116,16.804,6.116z\"><\/path><\/svg><span class=\"wp-block-social-link-label screen-reader-text\">Instagram<\/span><\/a><\/li><\/ul>\n<\/div>\n<\/div>\n<\/div>\n\n\n\n<p><\/p>\n\n\n\n<p><\/p>\n\n\n\n<p>Laurane Le Goff (n\u00e9e en 1996) est une artiste textile et costumi\u00e8re engag\u00e9e sur les questions d&rsquo;\u00e9cologie. Elle est int\u00e9ress\u00e9e par l&rsquo;investigation d&rsquo;esp\u00e8ces non-humaines et cherche \u00e0 raconter leurs histoires \u00e0 travers un travail de performance souvent collaboratif. Cet int\u00e9r\u00eat l\u2019a men\u00e9e \u00e0 d\u00e9velopper sa pratique interdisciplinaire en int\u00e9grant le <a href=\"https:\/\/www.arts.ac.uk\/subjects\/fine-art\/postgraduate\/ma-art-and-science-csm\">master Art et Science<\/a> \u00e0 la Central Saint Martins (Londres).<\/p>\n\n\n\n<p>Le travail m\u00e9ticuleux de Laurane&nbsp; Le Goff en terme de costume, textile, dessin, et impressions \u00e9merge d\u2019une exp\u00e9rience des proc\u00e9d\u00e9s naturels, plus sp\u00e9cifiquement par leur compr\u00e9hension \u00e0 travers la biologie et microbiologie. De par son engagement \u00e9cologique, son travail est souvent collaboratif et li\u00e9 aux enjeux sociaux.<\/p>\n\n\n\n<p>En 2020\/21, elle a \u00e9t\u00e9 co-commissaire d\u2019un programme d\u2019\u00e9ducation interdisciplinaire et intersectionnel \u00e0 l\u2019\u00e9cologie: <em><a href=\"https:\/\/lauranelegoff.com\/index.php\/2022\/04\/06\/entangled-futures\/\">Entangled Futures Mingling Ecological Knowledges<\/a><\/em>. Le projet a \u00e9t\u00e9 financ\u00e9 par <em>University of the Arts London<\/em> et Leonardo, London Laser.<br><\/p>\n\n\n\n<h2 class=\"wp-block-heading\"><strong>Expositions<\/strong><\/h2>\n\n\n\n<ul class=\"wp-block-list\">\n<li>Creativity as Renewable Energy in a Time of Scarcity: <strong>Human Ressources<\/strong> (London Design Festival) | 5 Septembre \u2013 2 Octobre 2022 | Lethaby Gallery, Londres, GB<\/li>\n\n\n\n<li>Bureau du dessin: <strong>Tr\u00e8s forte augmentation<\/strong> | 3 Mars &#8211; 3 Avril 2016 | Modulab, Strasbourg, France<\/li>\n\n\n\n<li><strong>Tour d\u2019horizons, paysages en papiers peints<\/strong> | 3 D\u00e9cembre 2016 &#8211; 31 Janvier 2017 | Mus\u00e9e du papier peint de Rixheim, France<\/li>\n\n\n\n<li><strong>No(w) Future <\/strong>| 5 Juin &#8211; 4 Juillet 2015 |  Le S\u00e9choir, Mulhouse, France<\/li>\n<\/ul>\n\n\n\n<h2 class=\"wp-block-heading\"><strong>R\u00e9sidences<\/strong><\/h2>\n\n\n\n<ul class=\"wp-block-list\">\n<li><strong><a href=\"https:\/\/sarathamarasingam.com\/projet-de-la-compagnie\/\">Cr\u00e9ation-recherche Adva\u00efta L Cie<\/a> <\/strong>| D\u00e9cembre 2025 | Les Fontenelles, FR<\/li>\n\n\n\n<li><strong>Rivers. Jugular veins of Empire<\/strong> | Ao\u00fbt 2022 | Londres, GB<\/li>\n\n\n\n<li><strong>Crafts Matter in a Digital Society<\/strong> | Juillet 2021 | En ligne<\/li>\n\n\n\n<li><strong><a href=\"https:\/\/www.labverde.com\/\">Labverde<\/a><\/strong> | Ao\u00fbt 2018 | Manaus, Br\u00e9sil<\/li>\n<\/ul>\n\n\n\n<h2 class=\"wp-block-heading\"><strong>\u00c9v\u00e8nements <\/strong><\/h2>\n\n\n\n<ul class=\"wp-block-list\">\n<li><strong><a href=\"https:\/\/www.ensad-dijon.fr\/event\/repenser-notre-rapport-aux-vivants-la-place-du-costume-de-scene\/\">Conf\u00e9rence  \u00ab\u00a0Repenser notre rapport aux vivants : la place du costume de sc\u00e8ne<\/a>.<\/strong>\u00ab\u00a0<strong> <\/strong>| 6 Novembre 2025 | ENSAD, Dijon, FR<\/li>\n\n\n\n<li><strong><a href=\"https:\/\/www.artis-bfc.fr\/les-actions\/seminaire-arts-ecologie-0\">S\u00e9minaire Art et \u00c9cologie<\/a><\/strong> | 18 Janvier 2024 | CIMEOS, LIR3S, Universit\u00e9 de Bourgogne, Dijon, FR<\/li>\n\n\n\n<li><strong><a href=\"https:\/\/www.graine-bourgogne-franche-comte.fr\/\">Graines BFC<\/a> Rencontres R\u00e9gionales de l&rsquo;\u00e9ducation \u00e0 l&rsquo;environnement<\/strong> | 2-4 Novembre 2023 | Bibracte, Mont Beuvray, FR<\/li>\n\n\n\n<li><strong>Earth Quest: Your Ecological Adventure<\/strong> | 29 Ao\u00fbt 2022 | Barbican Centre, Londres, GB<\/li>\n\n\n\n<li><strong>Carnival of Crisis<\/strong>: UAL response to COP 26 | Novembre 2021 | Chelsea College of Art, Londres, GB<\/li>\n<\/ul>\n","protected":false},"excerpt":{"rendered":"<p>Vit actuellement \u00e0 Besan\u00e7on, France email: laurane.legoff@gmail.com Laurane Le Goff (n\u00e9e en 1996) est une artiste textile et costumi\u00e8re engag\u00e9e sur les questions d&rsquo;\u00e9cologie. Elle est int\u00e9ress\u00e9e par l&rsquo;investigation d&rsquo;esp\u00e8ces non-humaines et cherche \u00e0 raconter leurs histoires \u00e0 travers un travail de performance souvent collaboratif. Cet int\u00e9r\u00eat l\u2019a men\u00e9e \u00e0 d\u00e9velopper sa pratique interdisciplinaire en&hellip; <a class=\"more-link\" href=\"https:\/\/lauranelegoff.com\/index.php\/fr\/a-propos\/\">Poursuivre la lecture <span class=\"screen-reader-text\">\u00c0 propos<\/span><\/a><\/p>\n","protected":false},"author":1,"featured_media":0,"parent":0,"menu_order":0,"comment_status":"closed","ping_status":"closed","template":"","meta":{"_monsterinsights_skip_tracking":false,"_monsterinsights_sitenote_active":false,"_monsterinsights_sitenote_note":"","_monsterinsights_sitenote_category":0,"_vp_format_video_url":"","_vp_image_focal_point":[],"footnotes":""},"class_list":["post-1201","page","type-page","status-publish","hentry","entry"],"yoast_head":"<!-- This site is optimized with the Yoast SEO plugin v21.9.1 - https:\/\/yoast.com\/wordpress\/plugins\/seo\/ -->\n<title>\u00c0 propos - Laurane Le Goff<\/title>\n<meta name=\"description\" content=\"Artiste textile et costumi\u00e8re engag\u00e9e \u00e9cologiquement, Laurane est int\u00e9ress\u00e9e par l&#039;investigation des esp\u00e8ces non-humaines.\" \/>\n<meta name=\"robots\" content=\"index, follow, max-snippet:-1, max-image-preview:large, max-video-preview:-1\" \/>\n<link rel=\"canonical\" href=\"https:\/\/lauranelegoff.com\/index.php\/fr\/a-propos\/\" \/>\n<meta property=\"og:locale\" content=\"fr_FR\" \/>\n<meta property=\"og:type\" content=\"article\" \/>\n<meta property=\"og:title\" content=\"\u00c0 propos - Laurane Le Goff\" \/>\n<meta property=\"og:description\" content=\"Artiste textile et costumi\u00e8re engag\u00e9e \u00e9cologiquement, Laurane est int\u00e9ress\u00e9e par l&#039;investigation des esp\u00e8ces non-humaines.\" \/>\n<meta property=\"og:url\" content=\"https:\/\/lauranelegoff.com\/index.php\/fr\/a-propos\/\" \/>\n<meta property=\"og:site_name\" content=\"Laurane Le Goff\" \/>\n<meta property=\"article:modified_time\" content=\"2025-12-18T10:39:41+00:00\" \/>\n<meta property=\"og:image\" content=\"https:\/\/lauranelegoff.com\/wp-content\/uploads\/2023\/03\/Laurane-Le-Goff-by-Damilola-Vaughan-768x1024.jpg\" \/>\n<meta name=\"twitter:card\" content=\"summary_large_image\" \/>\n<meta name=\"twitter:label1\" content=\"Dur\u00e9e de lecture estim\u00e9e\" \/>\n\t<meta name=\"twitter:data1\" content=\"2 minutes\" \/>\n<script type=\"application\/ld+json\" class=\"yoast-schema-graph\">{\"@context\":\"https:\/\/schema.org\",\"@graph\":[{\"@type\":\"WebPage\",\"@id\":\"https:\/\/lauranelegoff.com\/index.php\/fr\/a-propos\/\",\"url\":\"https:\/\/lauranelegoff.com\/index.php\/fr\/a-propos\/\",\"name\":\"\u00c0 propos - Laurane Le Goff\",\"isPartOf\":{\"@id\":\"https:\/\/lauranelegoff.com\/#website\"},\"datePublished\":\"2023-09-05T08:55:02+00:00\",\"dateModified\":\"2025-12-18T10:39:41+00:00\",\"description\":\"Artiste textile et costumi\u00e8re engag\u00e9e \u00e9cologiquement, Laurane est int\u00e9ress\u00e9e par l'investigation des esp\u00e8ces non-humaines.\",\"breadcrumb\":{\"@id\":\"https:\/\/lauranelegoff.com\/index.php\/fr\/a-propos\/#breadcrumb\"},\"inLanguage\":\"fr-FR\",\"potentialAction\":[{\"@type\":\"ReadAction\",\"target\":[\"https:\/\/lauranelegoff.com\/index.php\/fr\/a-propos\/\"]}]},{\"@type\":\"BreadcrumbList\",\"@id\":\"https:\/\/lauranelegoff.com\/index.php\/fr\/a-propos\/#breadcrumb\",\"itemListElement\":[{\"@type\":\"ListItem\",\"position\":1,\"name\":\"Accueil\",\"item\":\"https:\/\/lauranelegoff.com\/index.php\/fr\/page-daccueil-avec-tout\/\"},{\"@type\":\"ListItem\",\"position\":2,\"name\":\"\u00c0 propos\"}]},{\"@type\":\"WebSite\",\"@id\":\"https:\/\/lauranelegoff.com\/#website\",\"url\":\"https:\/\/lauranelegoff.com\/\",\"name\":\"Laurane Le Goff\",\"description\":\"Textile Artist \u2022 Costume Maker \u2022 Ecological activist\",\"publisher\":{\"@id\":\"https:\/\/lauranelegoff.com\/#organization\"},\"potentialAction\":[{\"@type\":\"SearchAction\",\"target\":{\"@type\":\"EntryPoint\",\"urlTemplate\":\"https:\/\/lauranelegoff.com\/?s={search_term_string}\"},\"query-input\":\"required name=search_term_string\"}],\"inLanguage\":\"fr-FR\"},{\"@type\":\"Organization\",\"@id\":\"https:\/\/lauranelegoff.com\/#organization\",\"name\":\"Laurane Le Goff\",\"url\":\"https:\/\/lauranelegoff.com\/\",\"logo\":{\"@type\":\"ImageObject\",\"inLanguage\":\"fr-FR\",\"@id\":\"https:\/\/lauranelegoff.com\/#\/schema\/logo\/image\/\",\"url\":\"https:\/\/lauranelegoff.com\/wp-content\/uploads\/2022\/09\/cropped-Logo-LLG-02.png\",\"contentUrl\":\"https:\/\/lauranelegoff.com\/wp-content\/uploads\/2022\/09\/cropped-Logo-LLG-02.png\",\"width\":512,\"height\":512,\"caption\":\"Laurane Le Goff\"},\"image\":{\"@id\":\"https:\/\/lauranelegoff.com\/#\/schema\/logo\/image\/\"},\"sameAs\":[\"https:\/\/www.instagram.com\/l.lg_\"]}]}<\/script>\n<!-- \/ Yoast SEO plugin. -->","yoast_head_json":{"title":"\u00c0 propos - Laurane Le Goff","description":"Artiste textile et costumi\u00e8re engag\u00e9e \u00e9cologiquement, Laurane est int\u00e9ress\u00e9e par l'investigation des esp\u00e8ces non-humaines.","robots":{"index":"index","follow":"follow","max-snippet":"max-snippet:-1","max-image-preview":"max-image-preview:large","max-video-preview":"max-video-preview:-1"},"canonical":"https:\/\/lauranelegoff.com\/index.php\/fr\/a-propos\/","og_locale":"fr_FR","og_type":"article","og_title":"\u00c0 propos - Laurane Le Goff","og_description":"Artiste textile et costumi\u00e8re engag\u00e9e \u00e9cologiquement, Laurane est int\u00e9ress\u00e9e par l'investigation des esp\u00e8ces non-humaines.","og_url":"https:\/\/lauranelegoff.com\/index.php\/fr\/a-propos\/","og_site_name":"Laurane Le Goff","article_modified_time":"2025-12-18T10:39:41+00:00","og_image":[{"url":"https:\/\/lauranelegoff.com\/wp-content\/uploads\/2023\/03\/Laurane-Le-Goff-by-Damilola-Vaughan-768x1024.jpg"}],"twitter_card":"summary_large_image","twitter_misc":{"Dur\u00e9e de lecture estim\u00e9e":"2 minutes"},"schema":{"@context":"https:\/\/schema.org","@graph":[{"@type":"WebPage","@id":"https:\/\/lauranelegoff.com\/index.php\/fr\/a-propos\/","url":"https:\/\/lauranelegoff.com\/index.php\/fr\/a-propos\/","name":"\u00c0 propos - Laurane Le Goff","isPartOf":{"@id":"https:\/\/lauranelegoff.com\/#website"},"datePublished":"2023-09-05T08:55:02+00:00","dateModified":"2025-12-18T10:39:41+00:00","description":"Artiste textile et costumi\u00e8re engag\u00e9e \u00e9cologiquement, Laurane est int\u00e9ress\u00e9e par l'investigation des esp\u00e8ces non-humaines.","breadcrumb":{"@id":"https:\/\/lauranelegoff.com\/index.php\/fr\/a-propos\/#breadcrumb"},"inLanguage":"fr-FR","potentialAction":[{"@type":"ReadAction","target":["https:\/\/lauranelegoff.com\/index.php\/fr\/a-propos\/"]}]},{"@type":"BreadcrumbList","@id":"https:\/\/lauranelegoff.com\/index.php\/fr\/a-propos\/#breadcrumb","itemListElement":[{"@type":"ListItem","position":1,"name":"Accueil","item":"https:\/\/lauranelegoff.com\/index.php\/fr\/page-daccueil-avec-tout\/"},{"@type":"ListItem","position":2,"name":"\u00c0 propos"}]},{"@type":"WebSite","@id":"https:\/\/lauranelegoff.com\/#website","url":"https:\/\/lauranelegoff.com\/","name":"Laurane Le Goff","description":"Textile Artist \u2022 Costume Maker \u2022 Ecological activist","publisher":{"@id":"https:\/\/lauranelegoff.com\/#organization"},"potentialAction":[{"@type":"SearchAction","target":{"@type":"EntryPoint","urlTemplate":"https:\/\/lauranelegoff.com\/?s={search_term_string}"},"query-input":"required name=search_term_string"}],"inLanguage":"fr-FR"},{"@type":"Organization","@id":"https:\/\/lauranelegoff.com\/#organization","name":"Laurane Le Goff","url":"https:\/\/lauranelegoff.com\/","logo":{"@type":"ImageObject","inLanguage":"fr-FR","@id":"https:\/\/lauranelegoff.com\/#\/schema\/logo\/image\/","url":"https:\/\/lauranelegoff.com\/wp-content\/uploads\/2022\/09\/cropped-Logo-LLG-02.png","contentUrl":"https:\/\/lauranelegoff.com\/wp-content\/uploads\/2022\/09\/cropped-Logo-LLG-02.png","width":512,"height":512,"caption":"Laurane Le Goff"},"image":{"@id":"https:\/\/lauranelegoff.com\/#\/schema\/logo\/image\/"},"sameAs":["https:\/\/www.instagram.com\/l.lg_"]}]}},"_links":{"self":[{"href":"https:\/\/lauranelegoff.com\/index.php\/wp-json\/wp\/v2\/pages\/1201","targetHints":{"allow":["GET"]}}],"collection":[{"href":"https:\/\/lauranelegoff.com\/index.php\/wp-json\/wp\/v2\/pages"}],"about":[{"href":"https:\/\/lauranelegoff.com\/index.php\/wp-json\/wp\/v2\/types\/page"}],"author":[{"embeddable":true,"href":"https:\/\/lauranelegoff.com\/index.php\/wp-json\/wp\/v2\/users\/1"}],"replies":[{"embeddable":true,"href":"https:\/\/lauranelegoff.com\/index.php\/wp-json\/wp\/v2\/comments?post=1201"}],"version-history":[{"count":5,"href":"https:\/\/lauranelegoff.com\/index.php\/wp-json\/wp\/v2\/pages\/1201\/revisions"}],"predecessor-version":[{"id":1765,"href":"https:\/\/lauranelegoff.com\/index.php\/wp-json\/wp\/v2\/pages\/1201\/revisions\/1765"}],"wp:attachment":[{"href":"https:\/\/lauranelegoff.com\/index.php\/wp-json\/wp\/v2\/media?parent=1201"}],"curies":[{"name":"wp","href":"https:\/\/api.w.org\/{rel}","templated":true}]}}