{"id":1061,"date":"2023-09-05T08:10:51","date_gmt":"2023-09-05T08:10:51","guid":{"rendered":"https:\/\/lauranelegoff.com\/?page_id=1061"},"modified":"2024-01-31T12:19:44","modified_gmt":"2024-01-31T12:19:44","slug":"conferenciere","status":"publish","type":"page","link":"https:\/\/lauranelegoff.com\/index.php\/fr\/page-daccueil-avec-tout\/conferenciere\/","title":{"rendered":"Conf\u00e9renci\u00e8re"},"content":{"rendered":"\n<h2 class=\"wp-block-heading alignwide has-text-align-center has-white-background-color has-background\"><strong>Conf\u00e9renci\u00e8re Art et \u00c9cologie<\/strong><\/h2>\n\n\n\n<p>Je propose des conf\u00e9rences art \u00e9cologie ou ateliers expliquant comment l&rsquo;interdisciplinarit\u00e9 entre art et sciences peut \u00eatre mise au service de la situation \u00e9cologique actuelle. <br><br>Parmi les prises de paroles les plus r\u00e9centes, une conf\u00e9rence art et \u00e9cologie \u00e0 l&rsquo;Universit\u00e9 de Bourgogne intitul\u00e9e \u00ab\u00a0Repenser notre rapport aux vivants pour envisager des futurs soutenables: l&rsquo;exemple de Sympoiesis\u00a0\u00bb. Je propose tout au lon ateliers qui vulgarisent les raisons du d\u00e9r\u00e8glement climatique (<a href=\"https:\/\/fresqueduclimat.org\/projet\/\">Fresque du Climat<\/a>, <a href=\"https:\/\/carbonliteracy.com\/\">Carbon Literacy Trainer<\/a>) et de la perte de la biodiversit\u00e9 (<a href=\"https:\/\/www.fresquedelabiodiversite.org\/\">Fresque de la Biodiversit\u00e9<\/a>).<br><br>D&rsquo;autre part, je suis dans la capacit\u00e9 de cr\u00e9er des cycles de conf\u00e9rences et ateliers sur ces th\u00e9matiques comme je l&rsquo;ai fait lors de mon service civique chez Alternatiba (programmation festive et militante <a href=\"https:\/\/rhone.alternatiba.eu\/alternatibar-maison-des-alternatives\/\">AlternatiBar Lyon<\/a>) ou dans mon ancienne universit\u00e9 Univeristy of the Arts London, avec \u00ab\u00a0E<a href=\"https:\/\/lauranelegoff.com\/index.php\/2022\/04\/06\/entangled-futures\/\">ntangled Futures: Mingling Ecological Knowledges<\/a>\u00ab\u00a0. <\/p>\n\n\n\n<p><\/p>\n\n\n\n<p><\/p>\n\n\n\n<figure class=\"wp-block-image size-large\"><img loading=\"lazy\" decoding=\"async\" width=\"1024\" height=\"683\" src=\"https:\/\/lauranelegoff.com\/wp-content\/uploads\/2023\/09\/EntangledFutures_LauraneLegoff_YoungukChoi-1024x683.jpg\" alt=\"\" class=\"wp-image-1187\" srcset=\"https:\/\/lauranelegoff.com\/wp-content\/uploads\/2023\/09\/EntangledFutures_LauraneLegoff_YoungukChoi-1024x683.jpg 1024w, https:\/\/lauranelegoff.com\/wp-content\/uploads\/2023\/09\/EntangledFutures_LauraneLegoff_YoungukChoi-300x200.jpg 300w, https:\/\/lauranelegoff.com\/wp-content\/uploads\/2023\/09\/EntangledFutures_LauraneLegoff_YoungukChoi-768x512.jpg 768w, https:\/\/lauranelegoff.com\/wp-content\/uploads\/2023\/09\/EntangledFutures_LauraneLegoff_YoungukChoi-1536x1024.jpg 1536w, https:\/\/lauranelegoff.com\/wp-content\/uploads\/2023\/09\/EntangledFutures_LauraneLegoff_YoungukChoi-2048x1366.jpg 2048w, https:\/\/lauranelegoff.com\/wp-content\/uploads\/2023\/09\/EntangledFutures_LauraneLegoff_YoungukChoi-500x333.jpg 500w, https:\/\/lauranelegoff.com\/wp-content\/uploads\/2023\/09\/EntangledFutures_LauraneLegoff_YoungukChoi-800x534.jpg 800w, https:\/\/lauranelegoff.com\/wp-content\/uploads\/2023\/09\/EntangledFutures_LauraneLegoff_YoungukChoi-1280x854.jpg 1280w, https:\/\/lauranelegoff.com\/wp-content\/uploads\/2023\/09\/EntangledFutures_LauraneLegoff_YoungukChoi-1920x1280.jpg 1920w, https:\/\/lauranelegoff.com\/wp-content\/uploads\/2023\/09\/EntangledFutures_LauraneLegoff_YoungukChoi-1568x1046.jpg 1568w\" sizes=\"auto, (max-width: 1024px) 100vw, 1024px\" \/><figcaption class=\"wp-element-caption\">Photographe: Younguk Choi, 2021 <br>Entangled Futures: 8\/8 Weaving our ecological path<\/figcaption><\/figure>\n","protected":false},"excerpt":{"rendered":"<p>Conf\u00e9renci\u00e8re Art et \u00c9cologie Je propose des conf\u00e9rences art \u00e9cologie ou ateliers expliquant comment l&rsquo;interdisciplinarit\u00e9 entre art et sciences peut \u00eatre mise au service de la situation \u00e9cologique actuelle. Parmi les prises de paroles les plus r\u00e9centes, une conf\u00e9rence art et \u00e9cologie \u00e0 l&rsquo;Universit\u00e9 de Bourgogne intitul\u00e9e \u00ab\u00a0Repenser notre rapport aux vivants pour envisager des&hellip; <a class=\"more-link\" href=\"https:\/\/lauranelegoff.com\/index.php\/fr\/page-daccueil-avec-tout\/conferenciere\/\">Poursuivre la lecture <span class=\"screen-reader-text\">Conf\u00e9renci\u00e8re<\/span><\/a><\/p>\n","protected":false},"author":1,"featured_media":0,"parent":1252,"menu_order":0,"comment_status":"closed","ping_status":"closed","template":"","meta":{"_monsterinsights_skip_tracking":false,"_monsterinsights_sitenote_active":false,"_monsterinsights_sitenote_note":"","_monsterinsights_sitenote_category":0,"_vp_format_video_url":"","_vp_image_focal_point":[],"footnotes":""},"class_list":["post-1061","page","type-page","status-publish","hentry","entry"],"yoast_head":"<!-- This site is optimized with the Yoast SEO plugin v21.9.1 - https:\/\/yoast.com\/wordpress\/plugins\/seo\/ -->\n<title>Conf\u00e9rence art \u00e9cologie - Laurane Le Goff<\/title>\n<meta name=\"description\" content=\"Je propose une conf\u00e9rence art \u00e9cologie expliquant comment l&#039;interdisciplinarit\u00e9 peut \u00eatre mit au service de la situation \u00e9cologique actuelle.\" \/>\n<meta name=\"robots\" content=\"index, follow, max-snippet:-1, max-image-preview:large, max-video-preview:-1\" \/>\n<link rel=\"canonical\" href=\"https:\/\/lauranelegoff.com\/index.php\/fr\/page-daccueil-avec-tout\/conferenciere\/\" \/>\n<meta property=\"og:locale\" content=\"fr_FR\" \/>\n<meta property=\"og:type\" content=\"article\" \/>\n<meta property=\"og:title\" content=\"Conf\u00e9rence art \u00e9cologie - Laurane Le Goff\" \/>\n<meta property=\"og:description\" content=\"Je propose une conf\u00e9rence art \u00e9cologie expliquant comment l&#039;interdisciplinarit\u00e9 peut \u00eatre mit au service de la situation \u00e9cologique actuelle.\" \/>\n<meta property=\"og:url\" content=\"https:\/\/lauranelegoff.com\/index.php\/fr\/page-daccueil-avec-tout\/conferenciere\/\" \/>\n<meta property=\"og:site_name\" content=\"Laurane Le Goff\" \/>\n<meta property=\"article:modified_time\" content=\"2024-01-31T12:19:44+00:00\" \/>\n<meta property=\"og:image\" content=\"https:\/\/lauranelegoff.com\/wp-content\/uploads\/2023\/09\/EntangledFutures_LauraneLegoff_YoungukChoi-1024x683.jpg\" \/>\n<meta name=\"twitter:card\" content=\"summary_large_image\" \/>\n<meta name=\"twitter:label1\" content=\"Dur\u00e9e de lecture estim\u00e9e\" \/>\n\t<meta name=\"twitter:data1\" content=\"1 minute\" \/>\n<script type=\"application\/ld+json\" class=\"yoast-schema-graph\">{\"@context\":\"https:\/\/schema.org\",\"@graph\":[{\"@type\":\"WebPage\",\"@id\":\"https:\/\/lauranelegoff.com\/index.php\/fr\/page-daccueil-avec-tout\/conferenciere\/\",\"url\":\"https:\/\/lauranelegoff.com\/index.php\/fr\/page-daccueil-avec-tout\/conferenciere\/\",\"name\":\"Conf\u00e9rence art \u00e9cologie - Laurane Le Goff\",\"isPartOf\":{\"@id\":\"https:\/\/lauranelegoff.com\/#website\"},\"datePublished\":\"2023-09-05T08:10:51+00:00\",\"dateModified\":\"2024-01-31T12:19:44+00:00\",\"description\":\"Je propose une conf\u00e9rence art \u00e9cologie expliquant comment l'interdisciplinarit\u00e9 peut \u00eatre mit au service de la situation \u00e9cologique actuelle.\",\"breadcrumb\":{\"@id\":\"https:\/\/lauranelegoff.com\/index.php\/fr\/page-daccueil-avec-tout\/conferenciere\/#breadcrumb\"},\"inLanguage\":\"fr-FR\",\"potentialAction\":[{\"@type\":\"ReadAction\",\"target\":[\"https:\/\/lauranelegoff.com\/index.php\/fr\/page-daccueil-avec-tout\/conferenciere\/\"]}]},{\"@type\":\"BreadcrumbList\",\"@id\":\"https:\/\/lauranelegoff.com\/index.php\/fr\/page-daccueil-avec-tout\/conferenciere\/#breadcrumb\",\"itemListElement\":[{\"@type\":\"ListItem\",\"position\":1,\"name\":\"Accueil\",\"item\":\"https:\/\/lauranelegoff.com\/index.php\/fr\/page-daccueil-avec-tout\/\"},{\"@type\":\"ListItem\",\"position\":2,\"name\":\"Accueil\",\"item\":\"https:\/\/lauranelegoff.com\/index.php\/fr\/page-daccueil-avec-tout\/\"},{\"@type\":\"ListItem\",\"position\":3,\"name\":\"Conf\u00e9renci\u00e8re\"}]},{\"@type\":\"WebSite\",\"@id\":\"https:\/\/lauranelegoff.com\/#website\",\"url\":\"https:\/\/lauranelegoff.com\/\",\"name\":\"Laurane Le Goff\",\"description\":\"Textile Artist \u2022 Costume Maker \u2022 Ecological activist\",\"publisher\":{\"@id\":\"https:\/\/lauranelegoff.com\/#organization\"},\"potentialAction\":[{\"@type\":\"SearchAction\",\"target\":{\"@type\":\"EntryPoint\",\"urlTemplate\":\"https:\/\/lauranelegoff.com\/?s={search_term_string}\"},\"query-input\":\"required name=search_term_string\"}],\"inLanguage\":\"fr-FR\"},{\"@type\":\"Organization\",\"@id\":\"https:\/\/lauranelegoff.com\/#organization\",\"name\":\"Laurane Le Goff\",\"url\":\"https:\/\/lauranelegoff.com\/\",\"logo\":{\"@type\":\"ImageObject\",\"inLanguage\":\"fr-FR\",\"@id\":\"https:\/\/lauranelegoff.com\/#\/schema\/logo\/image\/\",\"url\":\"https:\/\/lauranelegoff.com\/wp-content\/uploads\/2022\/09\/cropped-Logo-LLG-02.png\",\"contentUrl\":\"https:\/\/lauranelegoff.com\/wp-content\/uploads\/2022\/09\/cropped-Logo-LLG-02.png\",\"width\":512,\"height\":512,\"caption\":\"Laurane Le Goff\"},\"image\":{\"@id\":\"https:\/\/lauranelegoff.com\/#\/schema\/logo\/image\/\"},\"sameAs\":[\"https:\/\/www.instagram.com\/l.lg_\"]}]}<\/script>\n<!-- \/ Yoast SEO plugin. -->","yoast_head_json":{"title":"Conf\u00e9rence art \u00e9cologie - Laurane Le Goff","description":"Je propose une conf\u00e9rence art \u00e9cologie expliquant comment l'interdisciplinarit\u00e9 peut \u00eatre mit au service de la situation \u00e9cologique actuelle.","robots":{"index":"index","follow":"follow","max-snippet":"max-snippet:-1","max-image-preview":"max-image-preview:large","max-video-preview":"max-video-preview:-1"},"canonical":"https:\/\/lauranelegoff.com\/index.php\/fr\/page-daccueil-avec-tout\/conferenciere\/","og_locale":"fr_FR","og_type":"article","og_title":"Conf\u00e9rence art \u00e9cologie - Laurane Le Goff","og_description":"Je propose une conf\u00e9rence art \u00e9cologie expliquant comment l'interdisciplinarit\u00e9 peut \u00eatre mit au service de la situation \u00e9cologique actuelle.","og_url":"https:\/\/lauranelegoff.com\/index.php\/fr\/page-daccueil-avec-tout\/conferenciere\/","og_site_name":"Laurane Le Goff","article_modified_time":"2024-01-31T12:19:44+00:00","og_image":[{"url":"https:\/\/lauranelegoff.com\/wp-content\/uploads\/2023\/09\/EntangledFutures_LauraneLegoff_YoungukChoi-1024x683.jpg"}],"twitter_card":"summary_large_image","twitter_misc":{"Dur\u00e9e de lecture estim\u00e9e":"1 minute"},"schema":{"@context":"https:\/\/schema.org","@graph":[{"@type":"WebPage","@id":"https:\/\/lauranelegoff.com\/index.php\/fr\/page-daccueil-avec-tout\/conferenciere\/","url":"https:\/\/lauranelegoff.com\/index.php\/fr\/page-daccueil-avec-tout\/conferenciere\/","name":"Conf\u00e9rence art \u00e9cologie - Laurane Le Goff","isPartOf":{"@id":"https:\/\/lauranelegoff.com\/#website"},"datePublished":"2023-09-05T08:10:51+00:00","dateModified":"2024-01-31T12:19:44+00:00","description":"Je propose une conf\u00e9rence art \u00e9cologie expliquant comment l'interdisciplinarit\u00e9 peut \u00eatre mit au service de la situation \u00e9cologique actuelle.","breadcrumb":{"@id":"https:\/\/lauranelegoff.com\/index.php\/fr\/page-daccueil-avec-tout\/conferenciere\/#breadcrumb"},"inLanguage":"fr-FR","potentialAction":[{"@type":"ReadAction","target":["https:\/\/lauranelegoff.com\/index.php\/fr\/page-daccueil-avec-tout\/conferenciere\/"]}]},{"@type":"BreadcrumbList","@id":"https:\/\/lauranelegoff.com\/index.php\/fr\/page-daccueil-avec-tout\/conferenciere\/#breadcrumb","itemListElement":[{"@type":"ListItem","position":1,"name":"Accueil","item":"https:\/\/lauranelegoff.com\/index.php\/fr\/page-daccueil-avec-tout\/"},{"@type":"ListItem","position":2,"name":"Accueil","item":"https:\/\/lauranelegoff.com\/index.php\/fr\/page-daccueil-avec-tout\/"},{"@type":"ListItem","position":3,"name":"Conf\u00e9renci\u00e8re"}]},{"@type":"WebSite","@id":"https:\/\/lauranelegoff.com\/#website","url":"https:\/\/lauranelegoff.com\/","name":"Laurane Le Goff","description":"Textile Artist \u2022 Costume Maker \u2022 Ecological activist","publisher":{"@id":"https:\/\/lauranelegoff.com\/#organization"},"potentialAction":[{"@type":"SearchAction","target":{"@type":"EntryPoint","urlTemplate":"https:\/\/lauranelegoff.com\/?s={search_term_string}"},"query-input":"required name=search_term_string"}],"inLanguage":"fr-FR"},{"@type":"Organization","@id":"https:\/\/lauranelegoff.com\/#organization","name":"Laurane Le Goff","url":"https:\/\/lauranelegoff.com\/","logo":{"@type":"ImageObject","inLanguage":"fr-FR","@id":"https:\/\/lauranelegoff.com\/#\/schema\/logo\/image\/","url":"https:\/\/lauranelegoff.com\/wp-content\/uploads\/2022\/09\/cropped-Logo-LLG-02.png","contentUrl":"https:\/\/lauranelegoff.com\/wp-content\/uploads\/2022\/09\/cropped-Logo-LLG-02.png","width":512,"height":512,"caption":"Laurane Le Goff"},"image":{"@id":"https:\/\/lauranelegoff.com\/#\/schema\/logo\/image\/"},"sameAs":["https:\/\/www.instagram.com\/l.lg_"]}]}},"_links":{"self":[{"href":"https:\/\/lauranelegoff.com\/index.php\/wp-json\/wp\/v2\/pages\/1061","targetHints":{"allow":["GET"]}}],"collection":[{"href":"https:\/\/lauranelegoff.com\/index.php\/wp-json\/wp\/v2\/pages"}],"about":[{"href":"https:\/\/lauranelegoff.com\/index.php\/wp-json\/wp\/v2\/types\/page"}],"author":[{"embeddable":true,"href":"https:\/\/lauranelegoff.com\/index.php\/wp-json\/wp\/v2\/users\/1"}],"replies":[{"embeddable":true,"href":"https:\/\/lauranelegoff.com\/index.php\/wp-json\/wp\/v2\/comments?post=1061"}],"version-history":[{"count":9,"href":"https:\/\/lauranelegoff.com\/index.php\/wp-json\/wp\/v2\/pages\/1061\/revisions"}],"predecessor-version":[{"id":1629,"href":"https:\/\/lauranelegoff.com\/index.php\/wp-json\/wp\/v2\/pages\/1061\/revisions\/1629"}],"up":[{"embeddable":true,"href":"https:\/\/lauranelegoff.com\/index.php\/wp-json\/wp\/v2\/pages\/1252"}],"wp:attachment":[{"href":"https:\/\/lauranelegoff.com\/index.php\/wp-json\/wp\/v2\/media?parent=1061"}],"curies":[{"name":"wp","href":"https:\/\/api.w.org\/{rel}","templated":true}]}}